{"id":790,"date":"2023-01-16T17:08:38","date_gmt":"2023-01-16T16:08:38","guid":{"rendered":"https:\/\/vincizasi.pl\/relacje_inwestorskie\/"},"modified":"2025-02-28T11:09:51","modified_gmt":"2025-02-28T10:09:51","slug":"relacje_inwestorskie","status":"publish","type":"page","link":"https:\/\/vincizasi.pl\/en\/investor_relations\/","title":{"rendered":"Investor Relations"},"content":{"rendered":"<div class=\"container relacje\">\n<div class=\"row\">\n<div class=\"col-lg-3 animated animateOnce fadeIn go\">\n<div class=\"career-tile\">\n<h2 class=\"career-tile__title\">VINCI S.A.<\/h2>\n<p><a href=\"\/\/vincizasi.pl\/en\/relacje_inwestorskie\/vinci-sa\/ \"><br \/>\n<img decoding=\"async\" src=\"\/\/vincizasi.pl\/wp-content\/themes\/vinci\/img\/right-arrow-pink-small.png\" alt=\"\" \/>See details<\/a><\/p>\n<\/div>\n<\/div>\n<div class=\"col-lg-3 animated animateOnce fadeIn go\">\n<div class=\"career-tile\">\n<h2 class=\"career-tile__title\">HiTech ASI<\/h2>\n<p><a href=\"\/\/vincizasi.pl\/en\/relacje_inwestorskie\/hitech\/\"><br \/>\n<img decoding=\"async\" src=\"\/\/vincizasi.pl\/wp-content\/themes\/vinci\/img\/right-arrow-pink-small.png\" alt=\"\" \/>See details<\/a><\/p>\n<\/div>\n<\/div>\n<div class=\"col-lg-3 animated animateOnce fadeIn go\">\n<div class=\"career-tile\">\n<h2 class=\"career-tile__title\">IQ ASI<\/h2>\n<p><a href=\"\/\/vincizasi.pl\/en\/relacje_inwestorskie\/iq\/\"><br \/>\n<img decoding=\"async\" src=\"\/\/vincizasi.pl\/wp-content\/themes\/vinci\/img\/right-arrow-pink-small.png\" alt=\"\" \/>See details<\/a><\/p>\n<\/div>\n<\/div>\n<div class=\"col-lg-3 animated animateOnce fadeIn go\">\n<div class=\"career-tile\">\n<h2 class=\"career-tile__title\">Da Gama ASI<\/h2>\n<p><a href=\"\/\/vincizasi.pl\/en\/relacje_inwestorskie\/da-gama-asi\/\"><br \/>\n<img decoding=\"async\" src=\"\/\/vincizasi.pl\/wp-content\/themes\/vinci\/img\/right-arrow-pink-small.png\" alt=\"\" \/>See details<\/a><\/p>\n<\/div>\n<\/div>\n<\/div>\n<\/div>\n","protected":false},"excerpt":{"rendered":"<p>VINCI S.A. See details HiTech ASI See details IQ ASI See details Da Gama ASI See details<\/p>\n","protected":false},"author":1,"featured_media":0,"parent":0,"menu_order":0,"comment_status":"closed","ping_status":"closed","template":"","meta":{"_acf_changed":false,"inline_featured_image":false,"footnotes":""},"class_list":["post-790","page","type-page","status-publish","hentry"],"acf":[],"yoast_head":"<!-- This site is optimized with the Yoast SEO plugin v27.4 - https:\/\/yoast.com\/product\/yoast-seo-wordpress\/ -->\n<title>Investor Relations - Vinci S.A.<\/title>\n<meta name=\"description\" content=\"Dla innowacji inwestujemy w krajow\u0105 my\u015bl technologiczn\u0105.\" \/>\n<meta name=\"robots\" content=\"index, follow, max-snippet:-1, max-image-preview:large, max-video-preview:-1\" \/>\n<link rel=\"canonical\" href=\"https:\/\/vincizasi.pl\/en\/investor_relations\/\" \/>\n<meta property=\"og:locale\" content=\"en_US\" \/>\n<meta property=\"og:type\" content=\"article\" \/>\n<meta property=\"og:title\" content=\"Investor Relations - Vinci S.A.\" \/>\n<meta property=\"og:description\" content=\"Dla innowacji inwestujemy w krajow\u0105 my\u015bl technologiczn\u0105.\" \/>\n<meta property=\"og:url\" content=\"https:\/\/vincizasi.pl\/en\/investor_relations\/\" \/>\n<meta property=\"og:site_name\" content=\"Vinci S.A.\" \/>\n<meta property=\"article:modified_time\" content=\"2025-02-28T10:09:51+00:00\" \/>\n<meta name=\"twitter:card\" content=\"summary_large_image\" \/>\n<meta name=\"twitter:label1\" content=\"Est. reading time\" \/>\n\t<meta name=\"twitter:data1\" content=\"1 minute\" \/>\n<script type=\"application\/ld+json\" class=\"yoast-schema-graph\">{\"@context\":\"https:\\\/\\\/schema.org\",\"@graph\":[{\"@type\":\"WebPage\",\"@id\":\"https:\\\/\\\/vincizasi.pl\\\/en\\\/investor_relations\\\/\",\"url\":\"https:\\\/\\\/vincizasi.pl\\\/en\\\/investor_relations\\\/\",\"name\":\"Investor Relations - Vinci S.A.\",\"isPartOf\":{\"@id\":\"https:\\\/\\\/vincizasi.pl\\\/en\\\/#website\"},\"datePublished\":\"2023-01-16T16:08:38+00:00\",\"dateModified\":\"2025-02-28T10:09:51+00:00\",\"description\":\"Dla innowacji inwestujemy w krajow\u0105 my\u015bl technologiczn\u0105.\",\"inLanguage\":\"en-US\",\"potentialAction\":[{\"@type\":\"ReadAction\",\"target\":[\"https:\\\/\\\/vincizasi.pl\\\/en\\\/investor_relations\\\/\"]}]},{\"@type\":\"WebSite\",\"@id\":\"https:\\\/\\\/vincizasi.pl\\\/en\\\/#website\",\"url\":\"https:\\\/\\\/vincizasi.pl\\\/en\\\/\",\"name\":\"Vinci S.A.\",\"description\":\"\",\"potentialAction\":[{\"@type\":\"SearchAction\",\"target\":{\"@type\":\"EntryPoint\",\"urlTemplate\":\"https:\\\/\\\/vincizasi.pl\\\/en\\\/?s={search_term_string}\"},\"query-input\":{\"@type\":\"PropertyValueSpecification\",\"valueRequired\":true,\"valueName\":\"search_term_string\"}}],\"inLanguage\":\"en-US\"}]}<\/script>\n<!-- \/ Yoast SEO plugin. -->","yoast_head_json":{"title":"Investor Relations - Vinci S.A.","description":"Dla innowacji inwestujemy w krajow\u0105 my\u015bl technologiczn\u0105.","robots":{"index":"index","follow":"follow","max-snippet":"max-snippet:-1","max-image-preview":"max-image-preview:large","max-video-preview":"max-video-preview:-1"},"canonical":"https:\/\/vincizasi.pl\/en\/investor_relations\/","og_locale":"en_US","og_type":"article","og_title":"Investor Relations - Vinci S.A.","og_description":"Dla innowacji inwestujemy w krajow\u0105 my\u015bl technologiczn\u0105.","og_url":"https:\/\/vincizasi.pl\/en\/investor_relations\/","og_site_name":"Vinci S.A.","article_modified_time":"2025-02-28T10:09:51+00:00","twitter_card":"summary_large_image","twitter_misc":{"Est. reading time":"1 minute"},"schema":{"@context":"https:\/\/schema.org","@graph":[{"@type":"WebPage","@id":"https:\/\/vincizasi.pl\/en\/investor_relations\/","url":"https:\/\/vincizasi.pl\/en\/investor_relations\/","name":"Investor Relations - Vinci S.A.","isPartOf":{"@id":"https:\/\/vincizasi.pl\/en\/#website"},"datePublished":"2023-01-16T16:08:38+00:00","dateModified":"2025-02-28T10:09:51+00:00","description":"Dla innowacji inwestujemy w krajow\u0105 my\u015bl technologiczn\u0105.","inLanguage":"en-US","potentialAction":[{"@type":"ReadAction","target":["https:\/\/vincizasi.pl\/en\/investor_relations\/"]}]},{"@type":"WebSite","@id":"https:\/\/vincizasi.pl\/en\/#website","url":"https:\/\/vincizasi.pl\/en\/","name":"Vinci S.A.","description":"","potentialAction":[{"@type":"SearchAction","target":{"@type":"EntryPoint","urlTemplate":"https:\/\/vincizasi.pl\/en\/?s={search_term_string}"},"query-input":{"@type":"PropertyValueSpecification","valueRequired":true,"valueName":"search_term_string"}}],"inLanguage":"en-US"}]}},"_links":{"self":[{"href":"https:\/\/vincizasi.pl\/en\/wp-json\/wp\/v2\/pages\/790","targetHints":{"allow":["GET"]}}],"collection":[{"href":"https:\/\/vincizasi.pl\/en\/wp-json\/wp\/v2\/pages"}],"about":[{"href":"https:\/\/vincizasi.pl\/en\/wp-json\/wp\/v2\/types\/page"}],"author":[{"embeddable":true,"href":"https:\/\/vincizasi.pl\/en\/wp-json\/wp\/v2\/users\/1"}],"replies":[{"embeddable":true,"href":"https:\/\/vincizasi.pl\/en\/wp-json\/wp\/v2\/comments?post=790"}],"version-history":[{"count":0,"href":"https:\/\/vincizasi.pl\/en\/wp-json\/wp\/v2\/pages\/790\/revisions"}],"wp:attachment":[{"href":"https:\/\/vincizasi.pl\/en\/wp-json\/wp\/v2\/media?parent=790"}],"curies":[{"name":"wp","href":"https:\/\/api.w.org\/{rel}","templated":true}]}}